{"id":5494,"date":"2025-04-25T17:09:15","date_gmt":"2025-04-25T15:09:15","guid":{"rendered":"https:\/\/osp.mein-teamshop.ch\/hcrychenberg\/?post_type=product&#038;p=5494"},"modified":"2025-08-29T12:56:31","modified_gmt":"2025-08-29T10:56:31","slug":"puma-kapuzenjacke-herren","status":"publish","type":"product","link":"https:\/\/osp.mein-teamshop.ch\/hcrychenberg\/produkt\/puma-kapuzenjacke-herren\/","title":{"rendered":"Puma Kapuzenjacke Herren"},"content":{"rendered":"<p><strong>Bezeichnung Puma<br \/>\n<\/strong>Herren: teamFINAL Casuals Kapuzenjacke<\/p>\n","protected":false},"excerpt":{"rendered":"<p>Die Puma teamFINAL Kapuzenjacke Herren bietet ein topmodernes Design und eine hohe Funktionalit\u00e4t. Sie ist vor allem f\u00fcr den Einsatz beim Sport geeignet, l\u00e4sst sich aber auch in ein stylishes Freizeit-Outfit integrieren. Sie besitzt einen normalen Schnitt und ist mit einer grossen Kapuze ausgestattet. Diese l\u00e4sst sich mithilfe des Kordelzugs fixieren, sodass die Puma teamFINAL Kapuzenjacke auch beim Laufen oder anderen bewegungsintensiven Sportarten ein verl\u00e4sslicher Begleiter ist.<\/p>\n<ul>\n<li>Extras: Kapuze mit Kordelzug<\/li>\n<li>Ausschnitt: Stehkragen<\/li>\n<li>Lang\u00e4rmlig<\/li>\n<li>Seitliche Zip-Taschen zum Verstauen von Kleinigkeiten<\/li>\n<li>Eigenschaften: w\u00e4rmend, atmungsaktiv, bequem<\/li>\n<li>Material: 77% Baumwolle, 23% Polyester<\/li>\n<\/ul>\n<p>Farbe: Schwarz<\/p>\n","protected":false},"featured_media":5511,"template":"","meta":{"_acf_changed":false,"ocean_post_layout":"","ocean_both_sidebars_style":"","ocean_both_sidebars_content_width":0,"ocean_both_sidebars_sidebars_width":0,"ocean_sidebar":"","ocean_second_sidebar":"","ocean_disable_margins":"enable","ocean_add_body_class":"","ocean_shortcode_before_top_bar":"","ocean_shortcode_after_top_bar":"","ocean_shortcode_before_header":"","ocean_shortcode_after_header":"","ocean_has_shortcode":"","ocean_shortcode_after_title":"","ocean_shortcode_before_footer_widgets":"","ocean_shortcode_after_footer_widgets":"","ocean_shortcode_before_footer_bottom":"","ocean_shortcode_after_footer_bottom":"","ocean_display_top_bar":"default","ocean_display_header":"default","ocean_header_style":"","ocean_center_header_left_menu":"","ocean_custom_header_template":"","ocean_custom_logo":0,"ocean_custom_retina_logo":0,"ocean_custom_logo_max_width":0,"ocean_custom_logo_tablet_max_width":0,"ocean_custom_logo_mobile_max_width":0,"ocean_custom_logo_max_height":0,"ocean_custom_logo_tablet_max_height":0,"ocean_custom_logo_mobile_max_height":0,"ocean_header_custom_menu":"","ocean_menu_typo_font_family":"","ocean_menu_typo_font_subset":"","ocean_menu_typo_font_size":0,"ocean_menu_typo_font_size_tablet":0,"ocean_menu_typo_font_size_mobile":0,"ocean_menu_typo_font_size_unit":"px","ocean_menu_typo_font_weight":"","ocean_menu_typo_font_weight_tablet":"","ocean_menu_typo_font_weight_mobile":"","ocean_menu_typo_transform":"","ocean_menu_typo_transform_tablet":"","ocean_menu_typo_transform_mobile":"","ocean_menu_typo_line_height":0,"ocean_menu_typo_line_height_tablet":0,"ocean_menu_typo_line_height_mobile":0,"ocean_menu_typo_line_height_unit":"","ocean_menu_typo_spacing":0,"ocean_menu_typo_spacing_tablet":0,"ocean_menu_typo_spacing_mobile":0,"ocean_menu_typo_spacing_unit":"","ocean_menu_link_color":"","ocean_menu_link_color_hover":"","ocean_menu_link_color_active":"","ocean_menu_link_background":"","ocean_menu_link_hover_background":"","ocean_menu_link_active_background":"","ocean_menu_social_links_bg":"","ocean_menu_social_hover_links_bg":"","ocean_menu_social_links_color":"","ocean_menu_social_hover_links_color":"","ocean_disable_title":"default","ocean_disable_heading":"default","ocean_post_title":"","ocean_post_subheading":"","ocean_post_title_style":"","ocean_post_title_background_color":"","ocean_post_title_background":0,"ocean_post_title_bg_image_position":"","ocean_post_title_bg_image_attachment":"","ocean_post_title_bg_image_repeat":"","ocean_post_title_bg_image_size":"","ocean_post_title_height":0,"ocean_post_title_bg_overlay":0.5,"ocean_post_title_bg_overlay_color":"","ocean_disable_breadcrumbs":"default","ocean_breadcrumbs_color":"","ocean_breadcrumbs_separator_color":"","ocean_breadcrumbs_links_color":"","ocean_breadcrumbs_links_hover_color":"","ocean_display_footer_widgets":"default","ocean_display_footer_bottom":"default","ocean_custom_footer_template":""},"product_cat":[84],"product_tag":[],"acf":[],"_links":{"self":[{"href":"https:\/\/osp.mein-teamshop.ch\/hcrychenberg\/wp-json\/wp\/v2\/product\/5494"}],"collection":[{"href":"https:\/\/osp.mein-teamshop.ch\/hcrychenberg\/wp-json\/wp\/v2\/product"}],"about":[{"href":"https:\/\/osp.mein-teamshop.ch\/hcrychenberg\/wp-json\/wp\/v2\/types\/product"}],"wp:featuredmedia":[{"embeddable":true,"href":"https:\/\/osp.mein-teamshop.ch\/hcrychenberg\/wp-json\/wp\/v2\/media\/5511"}],"wp:attachment":[{"href":"https:\/\/osp.mein-teamshop.ch\/hcrychenberg\/wp-json\/wp\/v2\/media?parent=5494"}],"wp:term":[{"taxonomy":"product_cat","embeddable":true,"href":"https:\/\/osp.mein-teamshop.ch\/hcrychenberg\/wp-json\/wp\/v2\/product_cat?post=5494"},{"taxonomy":"product_tag","embeddable":true,"href":"https:\/\/osp.mein-teamshop.ch\/hcrychenberg\/wp-json\/wp\/v2\/product_tag?post=5494"}],"curies":[{"name":"wp","href":"https:\/\/api.w.org\/{rel}","templated":true}]}}