{"id":5314,"date":"2025-01-29T20:26:10","date_gmt":"2025-01-29T19:26:10","guid":{"rendered":"https:\/\/osp.mein-teamshop.ch\/hcrychenberg\/?post_type=product&#038;p=5314"},"modified":"2025-03-02T13:25:37","modified_gmt":"2025-03-02T12:25:37","slug":"heini-kollektion-kapuzen-sweater-kids","status":"publish","type":"product","link":"https:\/\/osp.mein-teamshop.ch\/hcrychenberg\/produkt\/heini-kollektion-kapuzen-sweater-kids\/","title":{"rendered":"Kapuzen Sweater Kids"},"content":{"rendered":"","protected":false},"excerpt":{"rendered":"<p>Material: 65% Baumwolle \/ 35% Polyester<br \/>\nFarbe: schwarz<\/p>\n<ul>\n<li>Innen angerauter Sweatstoff<\/li>\n<li>Flach aufliegende K\u00e4ngurutasche mit Taschen\u00f6ffnungen aus Oberstoff<\/li>\n<li>Set-In-\u00c4rmel<\/li>\n<li>Ripp-B\u00fcndchen an Saum und \u00c4rmel\u00f6ffnung<\/li>\n<li>Halbmond im Nacken<\/li>\n<li>Kapuze mit zwei Teilungsn\u00e4hten<\/li>\n<li>Nackenband<\/li>\n<li>Gef\u00fctterte Kapuze aus Oberstoff<\/li>\n<li>Lang geschnitten<\/li>\n<\/ul>\n","protected":false},"featured_media":5411,"template":"","meta":{"_acf_changed":false,"ocean_post_layout":"","ocean_both_sidebars_style":"","ocean_both_sidebars_content_width":0,"ocean_both_sidebars_sidebars_width":0,"ocean_sidebar":"","ocean_second_sidebar":"","ocean_disable_margins":"enable","ocean_add_body_class":"","ocean_shortcode_before_top_bar":"","ocean_shortcode_after_top_bar":"","ocean_shortcode_before_header":"","ocean_shortcode_after_header":"","ocean_has_shortcode":"","ocean_shortcode_after_title":"","ocean_shortcode_before_footer_widgets":"","ocean_shortcode_after_footer_widgets":"","ocean_shortcode_before_footer_bottom":"","ocean_shortcode_after_footer_bottom":"","ocean_display_top_bar":"default","ocean_display_header":"default","ocean_header_style":"","ocean_center_header_left_menu":"","ocean_custom_header_template":"","ocean_custom_logo":0,"ocean_custom_retina_logo":0,"ocean_custom_logo_max_width":0,"ocean_custom_logo_tablet_max_width":0,"ocean_custom_logo_mobile_max_width":0,"ocean_custom_logo_max_height":0,"ocean_custom_logo_tablet_max_height":0,"ocean_custom_logo_mobile_max_height":0,"ocean_header_custom_menu":"","ocean_menu_typo_font_family":"","ocean_menu_typo_font_subset":"","ocean_menu_typo_font_size":0,"ocean_menu_typo_font_size_tablet":0,"ocean_menu_typo_font_size_mobile":0,"ocean_menu_typo_font_size_unit":"px","ocean_menu_typo_font_weight":"","ocean_menu_typo_font_weight_tablet":"","ocean_menu_typo_font_weight_mobile":"","ocean_menu_typo_transform":"","ocean_menu_typo_transform_tablet":"","ocean_menu_typo_transform_mobile":"","ocean_menu_typo_line_height":0,"ocean_menu_typo_line_height_tablet":0,"ocean_menu_typo_line_height_mobile":0,"ocean_menu_typo_line_height_unit":"","ocean_menu_typo_spacing":0,"ocean_menu_typo_spacing_tablet":0,"ocean_menu_typo_spacing_mobile":0,"ocean_menu_typo_spacing_unit":"","ocean_menu_link_color":"","ocean_menu_link_color_hover":"","ocean_menu_link_color_active":"","ocean_menu_link_background":"","ocean_menu_link_hover_background":"","ocean_menu_link_active_background":"","ocean_menu_social_links_bg":"","ocean_menu_social_hover_links_bg":"","ocean_menu_social_links_color":"","ocean_menu_social_hover_links_color":"","ocean_disable_title":"default","ocean_disable_heading":"default","ocean_post_title":"","ocean_post_subheading":"","ocean_post_title_style":"","ocean_post_title_background_color":"","ocean_post_title_background":0,"ocean_post_title_bg_image_position":"","ocean_post_title_bg_image_attachment":"","ocean_post_title_bg_image_repeat":"","ocean_post_title_bg_image_size":"","ocean_post_title_height":0,"ocean_post_title_bg_overlay":0.5,"ocean_post_title_bg_overlay_color":"","ocean_disable_breadcrumbs":"default","ocean_breadcrumbs_color":"","ocean_breadcrumbs_separator_color":"","ocean_breadcrumbs_links_color":"","ocean_breadcrumbs_links_hover_color":"","ocean_display_footer_widgets":"default","ocean_display_footer_bottom":"default","ocean_custom_footer_template":""},"product_cat":[139],"product_tag":[],"acf":[],"_links":{"self":[{"href":"https:\/\/osp.mein-teamshop.ch\/hcrychenberg\/wp-json\/wp\/v2\/product\/5314"}],"collection":[{"href":"https:\/\/osp.mein-teamshop.ch\/hcrychenberg\/wp-json\/wp\/v2\/product"}],"about":[{"href":"https:\/\/osp.mein-teamshop.ch\/hcrychenberg\/wp-json\/wp\/v2\/types\/product"}],"wp:featuredmedia":[{"embeddable":true,"href":"https:\/\/osp.mein-teamshop.ch\/hcrychenberg\/wp-json\/wp\/v2\/media\/5411"}],"wp:attachment":[{"href":"https:\/\/osp.mein-teamshop.ch\/hcrychenberg\/wp-json\/wp\/v2\/media?parent=5314"}],"wp:term":[{"taxonomy":"product_cat","embeddable":true,"href":"https:\/\/osp.mein-teamshop.ch\/hcrychenberg\/wp-json\/wp\/v2\/product_cat?post=5314"},{"taxonomy":"product_tag","embeddable":true,"href":"https:\/\/osp.mein-teamshop.ch\/hcrychenberg\/wp-json\/wp\/v2\/product_tag?post=5314"}],"curies":[{"name":"wp","href":"https:\/\/api.w.org\/{rel}","templated":true}]}}