{"id":1934,"date":"2021-06-30T12:33:28","date_gmt":"2021-06-30T10:33:28","guid":{"rendered":"https:\/\/osp.mein-teamshop.ch\/hcrychenberg\/produkt\/players-socken\/"},"modified":"2025-07-18T08:38:01","modified_gmt":"2025-07-18T06:38:01","slug":"fatpipe-players-socken-gelb","status":"publish","type":"product","link":"https:\/\/osp.mein-teamshop.ch\/hcrychenberg\/produkt\/fatpipe-players-socken-gelb\/","title":{"rendered":"Fat Pipe Players Socken (gelb)"},"content":{"rendered":"<p><strong>Schl\u00fcsseleigenschaften<\/strong><\/p>\n<ul>\n<li>Funktionsteile an den kritischsten Stellen<\/li>\n<li>Anti-Rutsch-Behandlung<\/li>\n<li>Coolmax-Technologie<\/li>\n<li>St\u00fctzt das Fu\u00dfgew\u00f6lbe<\/li>\n<li>Material: 92% Polypropylen\/8% Elastan<\/li>\n<\/ul>\n","protected":false},"excerpt":{"rendered":"<p>Diese Team Socken sind f\u00fcr Unihockey ausgelegt. Diese Socken sind bequeme, professionelle Socken mit Funktionsbereichen an kritischen Stellen und rutschfester Behandlung. Spezielles Strickmuster unterst\u00fctzt leicht das Fu\u00dfgew\u00f6lbe. Sie bestehen aus hochwertigen Fasern mit besonders hoher Elastizit\u00e4t, die eine perfekte Fixierung des Protektors gew\u00e4hrleisten. Im Bereich des Spanns, des Kn\u00f6chels und oberhalb der Wade befinden sich G\u00fcrtel mit einer Beimischung von Elasthan, die die Socken gegen Rechen sch\u00fctzen.<\/p>\n<p>Farbe: Gelb<\/p>\n","protected":false},"featured_media":1488,"template":"","meta":{"_acf_changed":false,"ocean_post_layout":"","ocean_both_sidebars_style":"","ocean_both_sidebars_content_width":0,"ocean_both_sidebars_sidebars_width":0,"ocean_sidebar":"","ocean_second_sidebar":"","ocean_disable_margins":"enable","ocean_add_body_class":"","ocean_shortcode_before_top_bar":"","ocean_shortcode_after_top_bar":"","ocean_shortcode_before_header":"","ocean_shortcode_after_header":"","ocean_has_shortcode":"","ocean_shortcode_after_title":"","ocean_shortcode_before_footer_widgets":"","ocean_shortcode_after_footer_widgets":"","ocean_shortcode_before_footer_bottom":"","ocean_shortcode_after_footer_bottom":"","ocean_display_top_bar":"default","ocean_display_header":"default","ocean_header_style":"","ocean_center_header_left_menu":"","ocean_custom_header_template":"","ocean_custom_logo":0,"ocean_custom_retina_logo":0,"ocean_custom_logo_max_width":0,"ocean_custom_logo_tablet_max_width":0,"ocean_custom_logo_mobile_max_width":0,"ocean_custom_logo_max_height":0,"ocean_custom_logo_tablet_max_height":0,"ocean_custom_logo_mobile_max_height":0,"ocean_header_custom_menu":"","ocean_menu_typo_font_family":"","ocean_menu_typo_font_subset":"","ocean_menu_typo_font_size":0,"ocean_menu_typo_font_size_tablet":0,"ocean_menu_typo_font_size_mobile":0,"ocean_menu_typo_font_size_unit":"px","ocean_menu_typo_font_weight":"","ocean_menu_typo_font_weight_tablet":"","ocean_menu_typo_font_weight_mobile":"","ocean_menu_typo_transform":"","ocean_menu_typo_transform_tablet":"","ocean_menu_typo_transform_mobile":"","ocean_menu_typo_line_height":0,"ocean_menu_typo_line_height_tablet":0,"ocean_menu_typo_line_height_mobile":0,"ocean_menu_typo_line_height_unit":"","ocean_menu_typo_spacing":0,"ocean_menu_typo_spacing_tablet":0,"ocean_menu_typo_spacing_mobile":0,"ocean_menu_typo_spacing_unit":"","ocean_menu_link_color":"","ocean_menu_link_color_hover":"","ocean_menu_link_color_active":"","ocean_menu_link_background":"","ocean_menu_link_hover_background":"","ocean_menu_link_active_background":"","ocean_menu_social_links_bg":"","ocean_menu_social_hover_links_bg":"","ocean_menu_social_links_color":"","ocean_menu_social_hover_links_color":"","ocean_disable_title":"default","ocean_disable_heading":"default","ocean_post_title":"","ocean_post_subheading":"","ocean_post_title_style":"","ocean_post_title_background_color":"","ocean_post_title_background":0,"ocean_post_title_bg_image_position":"","ocean_post_title_bg_image_attachment":"","ocean_post_title_bg_image_repeat":"","ocean_post_title_bg_image_size":"","ocean_post_title_height":0,"ocean_post_title_bg_overlay":0.5,"ocean_post_title_bg_overlay_color":"","ocean_disable_breadcrumbs":"default","ocean_breadcrumbs_color":"","ocean_breadcrumbs_separator_color":"","ocean_breadcrumbs_links_color":"","ocean_breadcrumbs_links_hover_color":"","ocean_display_footer_widgets":"default","ocean_display_footer_bottom":"default","ocean_custom_footer_template":""},"product_cat":[56,84],"product_tag":[],"acf":[],"_links":{"self":[{"href":"https:\/\/osp.mein-teamshop.ch\/hcrychenberg\/wp-json\/wp\/v2\/product\/1934"}],"collection":[{"href":"https:\/\/osp.mein-teamshop.ch\/hcrychenberg\/wp-json\/wp\/v2\/product"}],"about":[{"href":"https:\/\/osp.mein-teamshop.ch\/hcrychenberg\/wp-json\/wp\/v2\/types\/product"}],"wp:featuredmedia":[{"embeddable":true,"href":"https:\/\/osp.mein-teamshop.ch\/hcrychenberg\/wp-json\/wp\/v2\/media\/1488"}],"wp:attachment":[{"href":"https:\/\/osp.mein-teamshop.ch\/hcrychenberg\/wp-json\/wp\/v2\/media?parent=1934"}],"wp:term":[{"taxonomy":"product_cat","embeddable":true,"href":"https:\/\/osp.mein-teamshop.ch\/hcrychenberg\/wp-json\/wp\/v2\/product_cat?post=1934"},{"taxonomy":"product_tag","embeddable":true,"href":"https:\/\/osp.mein-teamshop.ch\/hcrychenberg\/wp-json\/wp\/v2\/product_tag?post=1934"}],"curies":[{"name":"wp","href":"https:\/\/api.w.org\/{rel}","templated":true}]}}