{"id":37,"date":"2021-04-23T16:50:41","date_gmt":"2021-04-23T14:50:41","guid":{"rendered":"http:\/\/osp.mein-teamshop.ch\/fcwil\/?page_id=37"},"modified":"2026-03-18T10:02:37","modified_gmt":"2026-03-18T09:02:37","slug":"home","status":"publish","type":"page","link":"https:\/\/osp.mein-teamshop.ch\/fcwil\/","title":{"rendered":"Home"},"content":{"rendered":"\t\t<div data-elementor-type=\"wp-page\" data-elementor-id=\"37\" class=\"elementor elementor-37\" data-elementor-post-type=\"page\">\n\t\t\t\t\t\t<section class=\"elementor-section elementor-top-section elementor-element elementor-element-14a49ba elementor-section-full_width elementor-section-height-min-height elementor-section-items-stretch elementor-section-content-middle elementor-section-stretched dc-has-condition dc-condition-not_empty elementor-hidden-desktop elementor-hidden-tablet elementor-hidden-mobile elementor-section-height-default\" data-id=\"14a49ba\" data-element_type=\"section\" data-settings=\"{&quot;stretch_section&quot;:&quot;section-stretched&quot;,&quot;background_background&quot;:&quot;classic&quot;}\">\n\t\t\t\t\t\t\t<div class=\"elementor-background-overlay\"><\/div>\n\t\t\t\t\t\t\t<div class=\"elementor-container elementor-column-gap-no\">\n\t\t\t\t\t<div class=\"elementor-column elementor-col-100 elementor-top-column elementor-element elementor-element-c04f38f elementor-invisible\" data-id=\"c04f38f\" data-element_type=\"column\" data-settings=\"{&quot;background_background&quot;:&quot;gradient&quot;,&quot;animation&quot;:&quot;slideInLeft&quot;}\">\n\t\t\t<div class=\"elementor-widget-wrap elementor-element-populated\">\n\t\t\t\t\t\t<div class=\"elementor-element elementor-element-671f336 elementor-widget elementor-widget-heading\" data-id=\"671f336\" data-element_type=\"widget\" data-widget_type=\"heading.default\">\n\t\t\t\t<div class=\"elementor-widget-container\">\n\t\t\t\t\t<h6 class=\"elementor-heading-title elementor-size-default\">SHOP GESCHLOSSEN<\/h6>\t\t\t\t<\/div>\n\t\t\t\t<\/div>\n\t\t\t\t\t<\/div>\n\t\t<\/div>\n\t\t\t\t\t<\/div>\n\t\t<\/section>\n\t\t\t\t<section class=\"elementor-section elementor-top-section elementor-element elementor-element-e13e992 elementor-section-full_width elementor-section-height-min-height elementor-section-items-stretch elementor-section-content-middle elementor-section-stretched dc-has-condition dc-condition-not_empty elementor-section-height-default\" data-id=\"e13e992\" data-element_type=\"section\" data-settings=\"{&quot;stretch_section&quot;:&quot;section-stretched&quot;}\">\n\t\t\t\t\t\t<div class=\"elementor-container elementor-column-gap-no\">\n\t\t\t\t\t<div class=\"elementor-column elementor-col-100 elementor-top-column elementor-element elementor-element-e6acff2 elementor-invisible\" data-id=\"e6acff2\" data-element_type=\"column\" data-settings=\"{&quot;background_background&quot;:&quot;gradient&quot;,&quot;animation&quot;:&quot;slideInLeft&quot;}\">\n\t\t\t<div class=\"elementor-widget-wrap elementor-element-populated\">\n\t\t\t\t\t\t<div class=\"elementor-element elementor-element-74476ad elementor-widget elementor-widget-heading\" data-id=\"74476ad\" data-element_type=\"widget\" data-widget_type=\"heading.default\">\n\t\t\t\t<div class=\"elementor-widget-container\">\n\t\t\t\t\t<h6 class=\"elementor-heading-title elementor-size-default\">Shop geschlossen<\/h6>\t\t\t\t<\/div>\n\t\t\t\t<\/div>\n\t\t\t\t<div class=\"elementor-element elementor-element-e3fe895 elementor-widget elementor-widget-heading\" data-id=\"e3fe895\" data-element_type=\"widget\" data-widget_type=\"heading.default\">\n\t\t\t\t<div class=\"elementor-widget-container\">\n\t\t\t\t\t<h3 class=\"elementor-heading-title elementor-size-default\">Der Shop ist vor\u00fcbergehend geschlossen<\/h3>\t\t\t\t<\/div>\n\t\t\t\t<\/div>\n\t\t\t\t\t<\/div>\n\t\t<\/div>\n\t\t\t\t\t<\/div>\n\t\t<\/section>\n\t\t\t\t<section class=\"elementor-section elementor-top-section elementor-element elementor-element-13192a21 elementor-section-full_width elementor-section-height-min-height elementor-section-items-stretch elementor-section-content-middle elementor-section-stretched dc-has-condition dc-condition-not_empty elementor-hidden-desktop elementor-hidden-tablet elementor-hidden-mobile elementor-section-height-default\" data-id=\"13192a21\" data-element_type=\"section\" data-settings=\"{&quot;stretch_section&quot;:&quot;section-stretched&quot;}\">\n\t\t\t\t\t\t<div class=\"elementor-container elementor-column-gap-no\">\n\t\t\t\t\t<div class=\"elementor-column elementor-col-66 elementor-top-column elementor-element elementor-element-72122fe5 elementor-invisible\" data-id=\"72122fe5\" data-element_type=\"column\" data-settings=\"{&quot;background_background&quot;:&quot;gradient&quot;,&quot;animation&quot;:&quot;slideInLeft&quot;}\">\n\t\t\t<div class=\"elementor-widget-wrap elementor-element-populated\">\n\t\t\t\t\t\t<div class=\"elementor-element elementor-element-5c92cb3d elementor-widget elementor-widget-heading\" data-id=\"5c92cb3d\" data-element_type=\"widget\" data-widget_type=\"heading.default\">\n\t\t\t\t<div class=\"elementor-widget-container\">\n\t\t\t\t\t<h6 class=\"elementor-heading-title elementor-size-default\">Willkommen im<\/h6>\t\t\t\t<\/div>\n\t\t\t\t<\/div>\n\t\t\t\t<div class=\"elementor-element elementor-element-54eef336 elementor-widget elementor-widget-heading\" data-id=\"54eef336\" data-element_type=\"widget\" data-widget_type=\"heading.default\">\n\t\t\t\t<div class=\"elementor-widget-container\">\n\t\t\t\t\t<h3 class=\"elementor-heading-title elementor-size-default\">FC Wil 1900 Shop<\/h3>\t\t\t\t<\/div>\n\t\t\t\t<\/div>\n\t\t\t\t<div class=\"elementor-element elementor-element-db7af30 elementor-widget__width-auto dc-has-condition dc-condition-empty elementor-hidden-desktop elementor-hidden-tablet elementor-hidden-mobile elementor-widget elementor-widget-heading\" data-id=\"db7af30\" data-element_type=\"widget\" data-widget_type=\"heading.default\">\n\t\t\t\t<div class=\"elementor-widget-container\">\n\t\t\t\t\t<h2 class=\"elementor-heading-title elementor-size-default\">Die n\u00e4chste Bestellung wird get\u00e4tigt am:<\/h2>\t\t\t\t<\/div>\n\t\t\t\t<\/div>\n\t\t\t\t<div class=\"elementor-element elementor-element-45da0da elementor-widget__width-auto dc-has-condition dc-condition-empty elementor-hidden-desktop elementor-hidden-tablet elementor-hidden-mobile elementor-widget elementor-widget-heading\" data-id=\"45da0da\" data-element_type=\"widget\" data-widget_type=\"heading.default\">\n\t\t\t\t<div class=\"elementor-widget-container\">\n\t\t\t\t\t<h2 class=\"elementor-heading-title elementor-size-default\">30. Juni 2024<\/h2>\t\t\t\t<\/div>\n\t\t\t\t<\/div>\n\t\t\t\t<div class=\"elementor-element elementor-element-6ed3f90d elementor-widget elementor-widget-button\" data-id=\"6ed3f90d\" data-element_type=\"widget\" data-widget_type=\"button.default\">\n\t\t\t\t<div class=\"elementor-widget-container\">\n\t\t\t\t\t\t\t\t\t<div class=\"elementor-button-wrapper\">\n\t\t\t\t\t<a class=\"elementor-button elementor-button-link elementor-size-sm\" href=\"#shop\">\n\t\t\t\t\t\t<span class=\"elementor-button-content-wrapper\">\n\t\t\t\t\t\t<span class=\"elementor-button-icon\">\n\t\t\t\t<i aria-hidden=\"true\" class=\"far fa-arrow-alt-circle-right\"><\/i>\t\t\t<\/span>\n\t\t\t\t\t\t\t\t\t<span class=\"elementor-button-text\">Jetzt einkaufen<\/span>\n\t\t\t\t\t<\/span>\n\t\t\t\t\t<\/a>\n\t\t\t\t<\/div>\n\t\t\t\t\t\t\t\t<\/div>\n\t\t\t\t<\/div>\n\t\t\t\t\t<\/div>\n\t\t<\/div>\n\t\t\t\t<div class=\"elementor-column elementor-col-33 elementor-top-column elementor-element elementor-element-5144fc1e elementor-invisible\" data-id=\"5144fc1e\" data-element_type=\"column\" data-settings=\"{&quot;background_background&quot;:&quot;classic&quot;,&quot;animation&quot;:&quot;fadeInRight&quot;}\">\n\t\t\t<div class=\"elementor-widget-wrap\">\n\t\t\t\t\t\t\t<\/div>\n\t\t<\/div>\n\t\t\t\t\t<\/div>\n\t\t<\/section>\n\t\t<!-- hidden section 37-d77cc5b -->\t\t<section class=\"elementor-section elementor-top-section elementor-element elementor-element-384670f animated-slow elementor-section-full_width elementor-section-stretched dc-has-condition dc-condition-not_empty elementor-hidden-desktop elementor-hidden-tablet elementor-hidden-mobile elementor-section-height-default elementor-section-height-default elementor-invisible\" data-id=\"384670f\" data-element_type=\"section\" data-settings=\"{&quot;animation&quot;:&quot;fadeInUp&quot;,&quot;stretch_section&quot;:&quot;section-stretched&quot;}\">\n\t\t\t\t\t\t<div class=\"elementor-container elementor-column-gap-default\">\n\t\t\t\t\t<div class=\"elementor-column elementor-col-100 elementor-top-column elementor-element elementor-element-301ec83\" data-id=\"301ec83\" data-element_type=\"column\">\n\t\t\t<div class=\"elementor-widget-wrap elementor-element-populated\">\n\t\t\t\t\t\t<div class=\"elementor-element elementor-element-2b75fe4 elementor-widget elementor-widget-menu-anchor\" data-id=\"2b75fe4\" data-element_type=\"widget\" data-widget_type=\"menu-anchor.default\">\n\t\t\t\t<div class=\"elementor-widget-container\">\n\t\t\t\t\t\t\t<div class=\"elementor-menu-anchor\" id=\"shop\"><\/div>\n\t\t\t\t\t\t<\/div>\n\t\t\t\t<\/div>\n\t\t\t\t<div class=\"elementor-element elementor-element-c44305b elementor-grid-2 elementor-grid-tablet-3 elementor-grid-mobile-2 elementor-products-grid elementor-wc-products elementor-widget elementor-widget-wc-categories\" data-id=\"c44305b\" data-element_type=\"widget\" data-widget_type=\"wc-categories.default\">\n\t\t\t\t<div class=\"elementor-widget-container\">\n\t\t\t\t\t<div class=\"woocommerce columns-2\">\r\n<ul class=\"products elementor-grid oceanwp-row clr grid\">\r\n<li class=\"product-category product first col span_1_of_2\">\n\t<a aria-label=\"Produktkategorie Frauen \/ M\u00e4dchen (FU14 \u2013 FU16) besuchen\" href=\"https:\/\/osp.mein-teamshop.ch\/fcwil\/produkt-kategorie\/maedchenfu14-fu16\/\"><div class=\"product-inner clr\"><div class=\"woo-entry-image clr\"><a href=\"https:\/\/osp.mein-teamshop.ch\/fcwil\/produkt-kategorie\/maedchenfu14-fu16\/\"><img fetchpriority=\"high\" decoding=\"async\" src=\"https:\/\/osp.mein-teamshop.ch\/fcwil\/wp-content\/uploads\/sites\/34\/2021\/05\/cropped-FC-Wil-1900-Round-300x300.png\" alt=\"Frauen \/ M\u00e4dchen (FU14 \u2013 FU16)\" width=\"300\" height=\"300\" srcset=\"https:\/\/osp.mein-teamshop.ch\/fcwil\/wp-content\/uploads\/sites\/34\/2021\/05\/cropped-FC-Wil-1900-Round-300x300.png 300w, https:\/\/osp.mein-teamshop.ch\/fcwil\/wp-content\/uploads\/sites\/34\/2021\/05\/cropped-FC-Wil-1900-Round-150x150.png 150w, https:\/\/osp.mein-teamshop.ch\/fcwil\/wp-content\/uploads\/sites\/34\/2021\/05\/cropped-FC-Wil-1900-Round-100x100.png 100w, https:\/\/osp.mein-teamshop.ch\/fcwil\/wp-content\/uploads\/sites\/34\/2021\/05\/cropped-FC-Wil-1900-Round-270x270.png 270w, https:\/\/osp.mein-teamshop.ch\/fcwil\/wp-content\/uploads\/sites\/34\/2021\/05\/cropped-FC-Wil-1900-Round-192x192.png 192w, https:\/\/osp.mein-teamshop.ch\/fcwil\/wp-content\/uploads\/sites\/34\/2021\/05\/cropped-FC-Wil-1900-Round-180x180.png 180w, https:\/\/osp.mein-teamshop.ch\/fcwil\/wp-content\/uploads\/sites\/34\/2021\/05\/cropped-FC-Wil-1900-Round-32x32.png 32w, https:\/\/osp.mein-teamshop.ch\/fcwil\/wp-content\/uploads\/sites\/34\/2021\/05\/cropped-FC-Wil-1900-Round.png 512w\" sizes=\"(max-width: 300px) 100vw, 300px\" \/><\/a><\/div><div class=\"woo-entry-inner clr\"><a href=\"https:\/\/osp.mein-teamshop.ch\/fcwil\/produkt-kategorie\/maedchenfu14-fu16\/\">\t\t<h2 class=\"woocommerce-loop-category__title\">\n\t\t\tFrauen \/ M\u00e4dchen (FU14 \u2013 FU16) <mark class=\"count\">(33)<\/mark>\t\t<\/h2>\n\t\t<\/a><\/div><\/div><\/a><\/li>\n<li class=\"product-category product last col span_1_of_2\">\n\t<a aria-label=\"Produktkategorie Herren \/ Jungs (E11 \u2013 U18) besuchen\" href=\"https:\/\/osp.mein-teamshop.ch\/fcwil\/produkt-kategorie\/jungse11-u18\/\"><div class=\"product-inner clr\"><div class=\"woo-entry-image clr\"><a href=\"https:\/\/osp.mein-teamshop.ch\/fcwil\/produkt-kategorie\/jungse11-u18\/\"><img decoding=\"async\" src=\"https:\/\/osp.mein-teamshop.ch\/fcwil\/wp-content\/uploads\/sites\/34\/2021\/05\/cropped-FC-Wil-1900-Round-300x300.png\" alt=\"Herren \/ Jungs (E11 \u2013 U18)\" width=\"300\" height=\"300\" srcset=\"https:\/\/osp.mein-teamshop.ch\/fcwil\/wp-content\/uploads\/sites\/34\/2021\/05\/cropped-FC-Wil-1900-Round-300x300.png 300w, https:\/\/osp.mein-teamshop.ch\/fcwil\/wp-content\/uploads\/sites\/34\/2021\/05\/cropped-FC-Wil-1900-Round-150x150.png 150w, https:\/\/osp.mein-teamshop.ch\/fcwil\/wp-content\/uploads\/sites\/34\/2021\/05\/cropped-FC-Wil-1900-Round-100x100.png 100w, https:\/\/osp.mein-teamshop.ch\/fcwil\/wp-content\/uploads\/sites\/34\/2021\/05\/cropped-FC-Wil-1900-Round-270x270.png 270w, https:\/\/osp.mein-teamshop.ch\/fcwil\/wp-content\/uploads\/sites\/34\/2021\/05\/cropped-FC-Wil-1900-Round-192x192.png 192w, https:\/\/osp.mein-teamshop.ch\/fcwil\/wp-content\/uploads\/sites\/34\/2021\/05\/cropped-FC-Wil-1900-Round-180x180.png 180w, https:\/\/osp.mein-teamshop.ch\/fcwil\/wp-content\/uploads\/sites\/34\/2021\/05\/cropped-FC-Wil-1900-Round-32x32.png 32w, https:\/\/osp.mein-teamshop.ch\/fcwil\/wp-content\/uploads\/sites\/34\/2021\/05\/cropped-FC-Wil-1900-Round.png 512w\" sizes=\"(max-width: 300px) 100vw, 300px\" \/><\/a><\/div><div class=\"woo-entry-inner clr\"><a href=\"https:\/\/osp.mein-teamshop.ch\/fcwil\/produkt-kategorie\/jungse11-u18\/\">\t\t<h2 class=\"woocommerce-loop-category__title\">\n\t\t\tHerren \/ Jungs (E11 \u2013 U18) <mark class=\"count\">(33)<\/mark>\t\t<\/h2>\n\t\t<\/a><\/div><\/div><\/a><\/li>\n<\/ul>\n<\/div>\t\t\t\t<\/div>\n\t\t\t\t<\/div>\n\t\t\t\t\t<\/div>\n\t\t<\/div>\n\t\t\t\t\t<\/div>\n\t\t<\/section>\n\t\t\t\t<\/div>\n\t\t","protected":false},"excerpt":{"rendered":"<p>SHOP GESCHLOSSEN Shop geschlossen Der Shop ist vor\u00fcbergehend geschlossen Willkommen im FC Wil 1900 Shop Die n\u00e4chste Bestellung wird get\u00e4tigt am: Jetzt einkaufen Wichtige Information<\/p>\n","protected":false},"author":1,"featured_media":0,"parent":0,"menu_order":0,"comment_status":"closed","ping_status":"closed","template":"","meta":{"_acf_changed":false,"ocean_post_layout":"","ocean_both_sidebars_style":"","ocean_both_sidebars_content_width":0,"ocean_both_sidebars_sidebars_width":0,"ocean_sidebar":"0","ocean_second_sidebar":"0","ocean_disable_margins":"enable","ocean_add_body_class":"","ocean_shortcode_before_top_bar":"","ocean_shortcode_after_top_bar":"","ocean_shortcode_before_header":"","ocean_shortcode_after_header":"","ocean_has_shortcode":"","ocean_shortcode_after_title":"","ocean_shortcode_before_footer_widgets":"","ocean_shortcode_after_footer_widgets":"","ocean_shortcode_before_footer_bottom":"","ocean_shortcode_after_footer_bottom":"","ocean_display_top_bar":"default","ocean_display_header":"default","ocean_header_style":"","ocean_center_header_left_menu":"0","ocean_custom_header_template":"0","ocean_custom_logo":0,"ocean_custom_retina_logo":0,"ocean_custom_logo_max_width":0,"ocean_custom_logo_tablet_max_width":0,"ocean_custom_logo_mobile_max_width":0,"ocean_custom_logo_max_height":0,"ocean_custom_logo_tablet_max_height":0,"ocean_custom_logo_mobile_max_height":0,"ocean_header_custom_menu":"0","ocean_menu_typo_font_family":"0","ocean_menu_typo_font_subset":"","ocean_menu_typo_font_size":0,"ocean_menu_typo_font_size_tablet":0,"ocean_menu_typo_font_size_mobile":0,"ocean_menu_typo_font_size_unit":"px","ocean_menu_typo_font_weight":"","ocean_menu_typo_font_weight_tablet":"","ocean_menu_typo_font_weight_mobile":"","ocean_menu_typo_transform":"","ocean_menu_typo_transform_tablet":"","ocean_menu_typo_transform_mobile":"","ocean_menu_typo_line_height":0,"ocean_menu_typo_line_height_tablet":0,"ocean_menu_typo_line_height_mobile":0,"ocean_menu_typo_line_height_unit":"","ocean_menu_typo_spacing":0,"ocean_menu_typo_spacing_tablet":0,"ocean_menu_typo_spacing_mobile":0,"ocean_menu_typo_spacing_unit":"","ocean_menu_link_color":"","ocean_menu_link_color_hover":"","ocean_menu_link_color_active":"","ocean_menu_link_background":"","ocean_menu_link_hover_background":"","ocean_menu_link_active_background":"","ocean_menu_social_links_bg":"","ocean_menu_social_hover_links_bg":"","ocean_menu_social_links_color":"","ocean_menu_social_hover_links_color":"","ocean_disable_title":"on","ocean_disable_heading":"default","ocean_post_title":"","ocean_post_subheading":"","ocean_post_title_style":"","ocean_post_title_background_color":"","ocean_post_title_background":0,"ocean_post_title_bg_image_position":"","ocean_post_title_bg_image_attachment":"","ocean_post_title_bg_image_repeat":"","ocean_post_title_bg_image_size":"","ocean_post_title_height":0,"ocean_post_title_bg_overlay":0.5,"ocean_post_title_bg_overlay_color":"","ocean_disable_breadcrumbs":"default","ocean_breadcrumbs_color":"","ocean_breadcrumbs_separator_color":"","ocean_breadcrumbs_links_color":"","ocean_breadcrumbs_links_hover_color":"","ocean_display_footer_widgets":"default","ocean_display_footer_bottom":"default","ocean_custom_footer_template":"0","footnotes":""},"acf":[],"_links":{"self":[{"href":"https:\/\/osp.mein-teamshop.ch\/fcwil\/wp-json\/wp\/v2\/pages\/37"}],"collection":[{"href":"https:\/\/osp.mein-teamshop.ch\/fcwil\/wp-json\/wp\/v2\/pages"}],"about":[{"href":"https:\/\/osp.mein-teamshop.ch\/fcwil\/wp-json\/wp\/v2\/types\/page"}],"author":[{"embeddable":true,"href":"https:\/\/osp.mein-teamshop.ch\/fcwil\/wp-json\/wp\/v2\/users\/1"}],"replies":[{"embeddable":true,"href":"https:\/\/osp.mein-teamshop.ch\/fcwil\/wp-json\/wp\/v2\/comments?post=37"}],"version-history":[{"count":46,"href":"https:\/\/osp.mein-teamshop.ch\/fcwil\/wp-json\/wp\/v2\/pages\/37\/revisions"}],"predecessor-version":[{"id":3451,"href":"https:\/\/osp.mein-teamshop.ch\/fcwil\/wp-json\/wp\/v2\/pages\/37\/revisions\/3451"}],"wp:attachment":[{"href":"https:\/\/osp.mein-teamshop.ch\/fcwil\/wp-json\/wp\/v2\/media?parent=37"}],"curies":[{"name":"wp","href":"https:\/\/api.w.org\/{rel}","templated":true}]}}