{"id":37,"date":"2021-04-23T16:50:41","date_gmt":"2021-04-23T14:50:41","guid":{"rendered":"http:\/\/osp.mein-teamshop.ch\/fcvaduz\/?page_id=37"},"modified":"2026-03-18T10:03:02","modified_gmt":"2026-03-18T09:03:02","slug":"home","status":"publish","type":"page","link":"https:\/\/osp.mein-teamshop.ch\/fcvaduz\/","title":{"rendered":"Home"},"content":{"rendered":"\t\t<div data-elementor-type=\"wp-page\" data-elementor-id=\"37\" class=\"elementor elementor-37\" data-elementor-post-type=\"page\">\n\t\t\t\t<!-- hidden section 37-14a49ba -->\t\t<section class=\"elementor-section elementor-top-section elementor-element elementor-element-392edbb0 elementor-section-full_width elementor-section-height-min-height elementor-section-items-stretch elementor-section-content-middle elementor-section-stretched dc-has-condition dc-condition-not_empty elementor-section-height-default\" data-id=\"392edbb0\" data-element_type=\"section\" data-settings=\"{&quot;stretch_section&quot;:&quot;section-stretched&quot;}\">\n\t\t\t\t\t\t<div class=\"elementor-container elementor-column-gap-no\">\n\t\t\t\t\t<div class=\"elementor-column elementor-col-100 elementor-top-column elementor-element elementor-element-846ad17 elementor-invisible\" data-id=\"846ad17\" data-element_type=\"column\" data-settings=\"{&quot;background_background&quot;:&quot;gradient&quot;,&quot;animation&quot;:&quot;slideInLeft&quot;}\">\n\t\t\t<div class=\"elementor-widget-wrap elementor-element-populated\">\n\t\t\t\t\t\t<div class=\"elementor-element elementor-element-27716e71 elementor-widget elementor-widget-heading\" data-id=\"27716e71\" data-element_type=\"widget\" data-widget_type=\"heading.default\">\n\t\t\t\t<div class=\"elementor-widget-container\">\n\t\t\t\t\t<h6 class=\"elementor-heading-title elementor-size-default\">Shop geschlossen<\/h6>\t\t\t\t<\/div>\n\t\t\t\t<\/div>\n\t\t\t\t<div class=\"elementor-element elementor-element-75e27b49 elementor-widget elementor-widget-heading\" data-id=\"75e27b49\" data-element_type=\"widget\" data-widget_type=\"heading.default\">\n\t\t\t\t<div class=\"elementor-widget-container\">\n\t\t\t\t\t<h3 class=\"elementor-heading-title elementor-size-default\">Der Shop ist vor\u00fcbergehend geschlossen<\/h3>\t\t\t\t<\/div>\n\t\t\t\t<\/div>\n\t\t\t\t\t<\/div>\n\t\t<\/div>\n\t\t\t\t\t<\/div>\n\t\t<\/section>\n\t\t\t\t<section class=\"elementor-section elementor-top-section elementor-element elementor-element-13192a21 elementor-section-full_width elementor-section-height-min-height elementor-section-items-stretch elementor-section-content-middle elementor-section-stretched dc-has-condition dc-condition-not_empty elementor-hidden-desktop elementor-hidden-tablet elementor-hidden-mobile elementor-section-height-default\" data-id=\"13192a21\" data-element_type=\"section\" data-settings=\"{&quot;stretch_section&quot;:&quot;section-stretched&quot;}\">\n\t\t\t\t\t\t<div class=\"elementor-container elementor-column-gap-no\">\n\t\t\t\t\t<div class=\"elementor-column elementor-col-66 elementor-top-column elementor-element elementor-element-72122fe5 elementor-invisible\" data-id=\"72122fe5\" data-element_type=\"column\" data-settings=\"{&quot;background_background&quot;:&quot;gradient&quot;,&quot;animation&quot;:&quot;slideInLeft&quot;}\">\n\t\t\t<div class=\"elementor-widget-wrap elementor-element-populated\">\n\t\t\t\t\t\t<div class=\"elementor-element elementor-element-5c92cb3d elementor-widget elementor-widget-heading\" data-id=\"5c92cb3d\" data-element_type=\"widget\" data-widget_type=\"heading.default\">\n\t\t\t\t<div class=\"elementor-widget-container\">\n\t\t\t\t\t<h6 class=\"elementor-heading-title elementor-size-default\">Willkommen im<\/h6>\t\t\t\t<\/div>\n\t\t\t\t<\/div>\n\t\t\t\t<div class=\"elementor-element elementor-element-54eef336 elementor-widget elementor-widget-heading\" data-id=\"54eef336\" data-element_type=\"widget\" data-widget_type=\"heading.default\">\n\t\t\t\t<div class=\"elementor-widget-container\">\n\t\t\t\t\t<h3 class=\"elementor-heading-title elementor-size-default\">FC Vaduz <br>Mitglieder Shop<\/h3>\t\t\t\t<\/div>\n\t\t\t\t<\/div>\n\t\t\t\t<div class=\"elementor-element elementor-element-db7af30 elementor-widget__width-auto dc-has-condition dc-condition-empty elementor-widget elementor-widget-heading\" data-id=\"db7af30\" data-element_type=\"widget\" data-widget_type=\"heading.default\">\n\t\t\t\t<div class=\"elementor-widget-container\">\n\t\t\t\t\t<h2 class=\"elementor-heading-title elementor-size-default\">Die n\u00e4chste Bestellung wird get\u00e4tigt am:<\/h2>\t\t\t\t<\/div>\n\t\t\t\t<\/div>\n\t\t\t\t<div class=\"elementor-element elementor-element-45da0da elementor-widget__width-auto dc-has-condition dc-condition-empty elementor-widget elementor-widget-heading\" data-id=\"45da0da\" data-element_type=\"widget\" data-widget_type=\"heading.default\">\n\t\t\t\t<div class=\"elementor-widget-container\">\n\t\t\t\t\t<h2 class=\"elementor-heading-title elementor-size-default\">31. M\u00e4rz 2026<\/h2>\t\t\t\t<\/div>\n\t\t\t\t<\/div>\n\t\t\t\t<div class=\"elementor-element elementor-element-6ed3f90d elementor-widget elementor-widget-button\" data-id=\"6ed3f90d\" data-element_type=\"widget\" data-widget_type=\"button.default\">\n\t\t\t\t<div class=\"elementor-widget-container\">\n\t\t\t\t\t\t\t\t\t<div class=\"elementor-button-wrapper\">\n\t\t\t\t\t<a class=\"elementor-button elementor-button-link elementor-size-sm\" href=\"https:\/\/osp.mein-teamshop.ch\/fcvaduz\/#shop\">\n\t\t\t\t\t\t<span class=\"elementor-button-content-wrapper\">\n\t\t\t\t\t\t<span class=\"elementor-button-icon\">\n\t\t\t\t<i aria-hidden=\"true\" class=\"far fa-arrow-alt-circle-right\"><\/i>\t\t\t<\/span>\n\t\t\t\t\t\t\t\t\t<span class=\"elementor-button-text\">Jetzt einkaufen<\/span>\n\t\t\t\t\t<\/span>\n\t\t\t\t\t<\/a>\n\t\t\t\t<\/div>\n\t\t\t\t\t\t\t\t<\/div>\n\t\t\t\t<\/div>\n\t\t\t\t\t<\/div>\n\t\t<\/div>\n\t\t\t\t<div class=\"elementor-column elementor-col-33 elementor-top-column elementor-element elementor-element-5144fc1e elementor-invisible\" data-id=\"5144fc1e\" data-element_type=\"column\" data-settings=\"{&quot;background_background&quot;:&quot;classic&quot;,&quot;animation&quot;:&quot;fadeInRight&quot;}\">\n\t\t\t<div class=\"elementor-widget-wrap\">\n\t\t\t\t\t\t\t<\/div>\n\t\t<\/div>\n\t\t\t\t\t<\/div>\n\t\t<\/section>\n\t\t<!-- hidden section 37-d77cc5b -->\t\t<section class=\"elementor-section elementor-top-section elementor-element elementor-element-607610c animated-slow elementor-section-full_width elementor-section-stretched dc-has-condition dc-condition-not_empty elementor-hidden-desktop elementor-hidden-tablet elementor-hidden-mobile elementor-section-height-default elementor-section-height-default elementor-invisible\" data-id=\"607610c\" data-element_type=\"section\" data-settings=\"{&quot;animation&quot;:&quot;fadeInUp&quot;,&quot;stretch_section&quot;:&quot;section-stretched&quot;}\">\n\t\t\t\t\t\t<div class=\"elementor-container elementor-column-gap-default\">\n\t\t\t\t\t<div class=\"elementor-column elementor-col-100 elementor-top-column elementor-element elementor-element-2eabd1d\" data-id=\"2eabd1d\" data-element_type=\"column\">\n\t\t\t<div class=\"elementor-widget-wrap elementor-element-populated\">\n\t\t\t\t\t\t<div class=\"elementor-element elementor-element-64dd4354 elementor-widget elementor-widget-menu-anchor\" data-id=\"64dd4354\" data-element_type=\"widget\" data-widget_type=\"menu-anchor.default\">\n\t\t\t\t<div class=\"elementor-widget-container\">\n\t\t\t\t\t\t\t<div class=\"elementor-menu-anchor\" id=\"shop\"><\/div>\n\t\t\t\t\t\t<\/div>\n\t\t\t\t<\/div>\n\t\t\t\t<div class=\"elementor-element elementor-element-21b81e8c elementor-grid-2 elementor-grid-tablet-3 elementor-grid-mobile-2 elementor-products-grid elementor-wc-products elementor-widget elementor-widget-wc-categories\" data-id=\"21b81e8c\" data-element_type=\"widget\" data-widget_type=\"wc-categories.default\">\n\t\t\t\t<div class=\"elementor-widget-container\">\n\t\t\t\t\t<div class=\"woocommerce columns-2\">\r\n<ul class=\"products elementor-grid oceanwp-row clr grid\">\r\n<li class=\"product-category product first col span_1_of_2\">\n\t<a aria-label=\"Produktkategorie Junioren besuchen\" href=\"https:\/\/osp.mein-teamshop.ch\/fcvaduz\/produkt-kategorie\/junioren\/\"><div class=\"product-inner clr\"><div class=\"woo-entry-image clr\"><a href=\"https:\/\/osp.mein-teamshop.ch\/fcvaduz\/produkt-kategorie\/junioren\/\"><img fetchpriority=\"high\" decoding=\"async\" src=\"https:\/\/osp.mein-teamshop.ch\/fcvaduz\/wp-content\/uploads\/sites\/28\/2023\/08\/VISpuma__pum-704917-01__imagefront-1-300x300.png\" alt=\"Junioren\" width=\"300\" height=\"300\" srcset=\"https:\/\/osp.mein-teamshop.ch\/fcvaduz\/wp-content\/uploads\/sites\/28\/2023\/08\/VISpuma__pum-704917-01__imagefront-1-300x300.png 300w, https:\/\/osp.mein-teamshop.ch\/fcvaduz\/wp-content\/uploads\/sites\/28\/2023\/08\/VISpuma__pum-704917-01__imagefront-1-1024x1024.png 1024w, https:\/\/osp.mein-teamshop.ch\/fcvaduz\/wp-content\/uploads\/sites\/28\/2023\/08\/VISpuma__pum-704917-01__imagefront-1-150x150.png 150w, https:\/\/osp.mein-teamshop.ch\/fcvaduz\/wp-content\/uploads\/sites\/28\/2023\/08\/VISpuma__pum-704917-01__imagefront-1-768x768.png 768w, https:\/\/osp.mein-teamshop.ch\/fcvaduz\/wp-content\/uploads\/sites\/28\/2023\/08\/VISpuma__pum-704917-01__imagefront-1-600x600.png 600w, https:\/\/osp.mein-teamshop.ch\/fcvaduz\/wp-content\/uploads\/sites\/28\/2023\/08\/VISpuma__pum-704917-01__imagefront-1-100x100.png 100w, https:\/\/osp.mein-teamshop.ch\/fcvaduz\/wp-content\/uploads\/sites\/28\/2023\/08\/VISpuma__pum-704917-01__imagefront-1.png 1500w\" sizes=\"(max-width: 300px) 100vw, 300px\" \/><\/a><\/div><div class=\"woo-entry-inner clr\"><a href=\"https:\/\/osp.mein-teamshop.ch\/fcvaduz\/produkt-kategorie\/junioren\/\">\t\t<h2 class=\"woocommerce-loop-category__title\">\n\t\t\tJunioren <mark class=\"count\">(18)<\/mark>\t\t<\/h2>\n\t\t<\/a><\/div><\/div><\/a><\/li>\n<li class=\"product-category product last col span_1_of_2\">\n\t<a aria-label=\"Produktkategorie 3. Mannschaft \/ Senioren besuchen\" href=\"https:\/\/osp.mein-teamshop.ch\/fcvaduz\/produkt-kategorie\/3-mannschaft-senioren\/\"><div class=\"product-inner clr\"><div class=\"woo-entry-image clr\"><a href=\"https:\/\/osp.mein-teamshop.ch\/fcvaduz\/produkt-kategorie\/3-mannschaft-senioren\/\"><img decoding=\"async\" src=\"https:\/\/osp.mein-teamshop.ch\/fcvaduz\/wp-content\/uploads\/sites\/28\/2023\/11\/VISpuma__pum-657257-01__imagefront.jpg\" alt=\"3. Mannschaft \/ Senioren\" width=\"300\" height=\"300\" \/><\/a><\/div><div class=\"woo-entry-inner clr\"><a href=\"https:\/\/osp.mein-teamshop.ch\/fcvaduz\/produkt-kategorie\/3-mannschaft-senioren\/\">\t\t<h2 class=\"woocommerce-loop-category__title\">\n\t\t\t3. Mannschaft \/ Senioren <mark class=\"count\">(13)<\/mark>\t\t<\/h2>\n\t\t<\/a><\/div><\/div><\/a><\/li>\n<li class=\"product-category product first col span_1_of_2\">\n\t<a aria-label=\"Produktkategorie Juniorentrainer besuchen\" href=\"https:\/\/osp.mein-teamshop.ch\/fcvaduz\/produkt-kategorie\/trainer\/\"><div class=\"product-inner clr\"><div class=\"woo-entry-image clr\"><a href=\"https:\/\/osp.mein-teamshop.ch\/fcvaduz\/produkt-kategorie\/trainer\/\"><img decoding=\"async\" src=\"https:\/\/osp.mein-teamshop.ch\/fcvaduz\/wp-content\/uploads\/sites\/28\/2023\/09\/VISpuma__pum-657321-03__imagefront.jpg\" alt=\"Juniorentrainer\" width=\"300\" height=\"300\" \/><\/a><\/div><div class=\"woo-entry-inner clr\"><a href=\"https:\/\/osp.mein-teamshop.ch\/fcvaduz\/produkt-kategorie\/trainer\/\">\t\t<h2 class=\"woocommerce-loop-category__title\">\n\t\t\tJuniorentrainer <mark class=\"count\">(10)<\/mark>\t\t<\/h2>\n\t\t<\/a><\/div><\/div><\/a><\/li>\n<li class=\"product-category product last col span_1_of_2\">\n\t<a aria-label=\"Produktkategorie Accessoires besuchen\" href=\"https:\/\/osp.mein-teamshop.ch\/fcvaduz\/produkt-kategorie\/accessoires\/\"><div class=\"product-inner clr\"><div class=\"woo-entry-image clr\"><a href=\"https:\/\/osp.mein-teamshop.ch\/fcvaduz\/produkt-kategorie\/accessoires\/\"><img loading=\"lazy\" decoding=\"async\" src=\"https:\/\/osp.mein-teamshop.ch\/fcvaduz\/wp-content\/uploads\/sites\/28\/2021\/05\/puma__pum-041146-01__imagefront-300x300.jpg\" alt=\"Accessoires\" width=\"300\" height=\"300\" srcset=\"https:\/\/osp.mein-teamshop.ch\/fcvaduz\/wp-content\/uploads\/sites\/28\/2021\/05\/puma__pum-041146-01__imagefront-300x300.jpg 300w, https:\/\/osp.mein-teamshop.ch\/fcvaduz\/wp-content\/uploads\/sites\/28\/2021\/05\/puma__pum-041146-01__imagefront-1024x1024.jpg 1024w, https:\/\/osp.mein-teamshop.ch\/fcvaduz\/wp-content\/uploads\/sites\/28\/2021\/05\/puma__pum-041146-01__imagefront-150x150.jpg 150w, https:\/\/osp.mein-teamshop.ch\/fcvaduz\/wp-content\/uploads\/sites\/28\/2021\/05\/puma__pum-041146-01__imagefront-768x768.jpg 768w, https:\/\/osp.mein-teamshop.ch\/fcvaduz\/wp-content\/uploads\/sites\/28\/2021\/05\/puma__pum-041146-01__imagefront-1536x1536.jpg 1536w, https:\/\/osp.mein-teamshop.ch\/fcvaduz\/wp-content\/uploads\/sites\/28\/2021\/05\/puma__pum-041146-01__imagefront-600x600.jpg 600w, https:\/\/osp.mein-teamshop.ch\/fcvaduz\/wp-content\/uploads\/sites\/28\/2021\/05\/puma__pum-041146-01__imagefront-100x100.jpg 100w, https:\/\/osp.mein-teamshop.ch\/fcvaduz\/wp-content\/uploads\/sites\/28\/2021\/05\/puma__pum-041146-01__imagefront.jpg 2000w\" sizes=\"(max-width: 300px) 100vw, 300px\" \/><\/a><\/div><div class=\"woo-entry-inner clr\"><a href=\"https:\/\/osp.mein-teamshop.ch\/fcvaduz\/produkt-kategorie\/accessoires\/\">\t\t<h2 class=\"woocommerce-loop-category__title\">\n\t\t\tAccessoires <mark class=\"count\">(3)<\/mark>\t\t<\/h2>\n\t\t<\/a><\/div><\/div><\/a><\/li>\n<\/ul>\n<\/div>\t\t\t\t<\/div>\n\t\t\t\t<\/div>\n\t\t\t\t\t<\/div>\n\t\t<\/div>\n\t\t\t\t\t<\/div>\n\t\t<\/section>\n\t\t\t\t<\/div>\n\t\t","protected":false},"excerpt":{"rendered":"<p>SHOP GESCHLOSSEN Shop geschlossen Der Shop ist vor\u00fcbergehend geschlossen Willkommen im FC Vaduz Mitglieder Shop Die n\u00e4chste Bestellung wird get\u00e4tigt am: Jetzt einkaufen Wichtige Information<\/p>\n","protected":false},"author":1,"featured_media":0,"parent":0,"menu_order":0,"comment_status":"closed","ping_status":"closed","template":"elementor_header_footer","meta":{"_acf_changed":false,"ocean_post_layout":"","ocean_both_sidebars_style":"","ocean_both_sidebars_content_width":0,"ocean_both_sidebars_sidebars_width":0,"ocean_sidebar":"0","ocean_second_sidebar":"0","ocean_disable_margins":"enable","ocean_add_body_class":"","ocean_shortcode_before_top_bar":"","ocean_shortcode_after_top_bar":"","ocean_shortcode_before_header":"","ocean_shortcode_after_header":"","ocean_has_shortcode":"","ocean_shortcode_after_title":"","ocean_shortcode_before_footer_widgets":"","ocean_shortcode_after_footer_widgets":"","ocean_shortcode_before_footer_bottom":"","ocean_shortcode_after_footer_bottom":"","ocean_display_top_bar":"default","ocean_display_header":"default","ocean_header_style":"","ocean_center_header_left_menu":"0","ocean_custom_header_template":"0","ocean_custom_logo":0,"ocean_custom_retina_logo":0,"ocean_custom_logo_max_width":0,"ocean_custom_logo_tablet_max_width":0,"ocean_custom_logo_mobile_max_width":0,"ocean_custom_logo_max_height":0,"ocean_custom_logo_tablet_max_height":0,"ocean_custom_logo_mobile_max_height":0,"ocean_header_custom_menu":"0","ocean_menu_typo_font_family":"0","ocean_menu_typo_font_subset":"","ocean_menu_typo_font_size":0,"ocean_menu_typo_font_size_tablet":0,"ocean_menu_typo_font_size_mobile":0,"ocean_menu_typo_font_size_unit":"px","ocean_menu_typo_font_weight":"","ocean_menu_typo_font_weight_tablet":"","ocean_menu_typo_font_weight_mobile":"","ocean_menu_typo_transform":"","ocean_menu_typo_transform_tablet":"","ocean_menu_typo_transform_mobile":"","ocean_menu_typo_line_height":0,"ocean_menu_typo_line_height_tablet":0,"ocean_menu_typo_line_height_mobile":0,"ocean_menu_typo_line_height_unit":"","ocean_menu_typo_spacing":0,"ocean_menu_typo_spacing_tablet":0,"ocean_menu_typo_spacing_mobile":0,"ocean_menu_typo_spacing_unit":"","ocean_menu_link_color":"","ocean_menu_link_color_hover":"","ocean_menu_link_color_active":"","ocean_menu_link_background":"","ocean_menu_link_hover_background":"","ocean_menu_link_active_background":"","ocean_menu_social_links_bg":"","ocean_menu_social_hover_links_bg":"","ocean_menu_social_links_color":"","ocean_menu_social_hover_links_color":"","ocean_disable_title":"on","ocean_disable_heading":"default","ocean_post_title":"","ocean_post_subheading":"","ocean_post_title_style":"","ocean_post_title_background_color":"","ocean_post_title_background":0,"ocean_post_title_bg_image_position":"","ocean_post_title_bg_image_attachment":"","ocean_post_title_bg_image_repeat":"","ocean_post_title_bg_image_size":"","ocean_post_title_height":0,"ocean_post_title_bg_overlay":0.5,"ocean_post_title_bg_overlay_color":"","ocean_disable_breadcrumbs":"default","ocean_breadcrumbs_color":"","ocean_breadcrumbs_separator_color":"","ocean_breadcrumbs_links_color":"","ocean_breadcrumbs_links_hover_color":"","ocean_display_footer_widgets":"default","ocean_display_footer_bottom":"default","ocean_custom_footer_template":"0","footnotes":""},"acf":[],"_links":{"self":[{"href":"https:\/\/osp.mein-teamshop.ch\/fcvaduz\/wp-json\/wp\/v2\/pages\/37"}],"collection":[{"href":"https:\/\/osp.mein-teamshop.ch\/fcvaduz\/wp-json\/wp\/v2\/pages"}],"about":[{"href":"https:\/\/osp.mein-teamshop.ch\/fcvaduz\/wp-json\/wp\/v2\/types\/page"}],"author":[{"embeddable":true,"href":"https:\/\/osp.mein-teamshop.ch\/fcvaduz\/wp-json\/wp\/v2\/users\/1"}],"replies":[{"embeddable":true,"href":"https:\/\/osp.mein-teamshop.ch\/fcvaduz\/wp-json\/wp\/v2\/comments?post=37"}],"version-history":[{"count":32,"href":"https:\/\/osp.mein-teamshop.ch\/fcvaduz\/wp-json\/wp\/v2\/pages\/37\/revisions"}],"predecessor-version":[{"id":2784,"href":"https:\/\/osp.mein-teamshop.ch\/fcvaduz\/wp-json\/wp\/v2\/pages\/37\/revisions\/2784"}],"wp:attachment":[{"href":"https:\/\/osp.mein-teamshop.ch\/fcvaduz\/wp-json\/wp\/v2\/media?parent=37"}],"curies":[{"name":"wp","href":"https:\/\/api.w.org\/{rel}","templated":true}]}}