{"id":3534,"date":"2025-09-17T12:01:00","date_gmt":"2025-09-17T10:01:00","guid":{"rendered":"https:\/\/osp.mein-teamshop.ch\/fcstaefa\/?post_type=product&#038;p=3534"},"modified":"2025-09-17T12:02:36","modified_gmt":"2025-09-17T10:02:36","slug":"core-essence-jersey-high-hat-jr","status":"publish","type":"product","link":"https:\/\/osp.mein-teamshop.ch\/fcstaefa\/produkt\/core-essence-jersey-high-hat-jr\/","title":{"rendered":"CORE Essence Jersey High Hat Jr"},"content":{"rendered":"<p>Ability Jersey High Hat ist eine funktionelle Trainingsm\u00fctze, die sich perfekt f\u00fcr Workouts bei k\u00fchlen Bedingungen eignet. Die M\u00fctze besteht aus recyceltem Jersey mit hervorragender Dehnbarkeit f\u00fcr eine optimale Passform. Weicher und elastischer Jersey aus recyceltem Polyester. Hohe Passform<\/p>\n","protected":false},"excerpt":{"rendered":"<p>Ability Jersey High Hat ist eine funktionelle Trainingsm\u00fctze, die sich perfekt f\u00fcr Workouts bei k\u00fchlen Bedingungen eignet. Die M\u00fctze besteht aus recyceltem Jersey mit hervorragender Dehnbarkeit f\u00fcr eine optimale Passform. Weicher und elastischer Jersey aus recyceltem Polyester. Hohe Passform<\/p>\n","protected":false},"featured_media":3536,"template":"","meta":{"_acf_changed":false,"ocean_post_layout":"","ocean_both_sidebars_style":"","ocean_both_sidebars_content_width":0,"ocean_both_sidebars_sidebars_width":0,"ocean_sidebar":"0","ocean_second_sidebar":"0","ocean_disable_margins":"enable","ocean_add_body_class":"","ocean_shortcode_before_top_bar":"","ocean_shortcode_after_top_bar":"","ocean_shortcode_before_header":"","ocean_shortcode_after_header":"","ocean_has_shortcode":"","ocean_shortcode_after_title":"","ocean_shortcode_before_footer_widgets":"","ocean_shortcode_after_footer_widgets":"","ocean_shortcode_before_footer_bottom":"","ocean_shortcode_after_footer_bottom":"","ocean_display_top_bar":"default","ocean_display_header":"default","ocean_header_style":"","ocean_center_header_left_menu":"0","ocean_custom_header_template":"0","ocean_custom_logo":0,"ocean_custom_retina_logo":0,"ocean_custom_logo_max_width":0,"ocean_custom_logo_tablet_max_width":0,"ocean_custom_logo_mobile_max_width":0,"ocean_custom_logo_max_height":0,"ocean_custom_logo_tablet_max_height":0,"ocean_custom_logo_mobile_max_height":0,"ocean_header_custom_menu":"0","ocean_menu_typo_font_family":"0","ocean_menu_typo_font_subset":"","ocean_menu_typo_font_size":0,"ocean_menu_typo_font_size_tablet":0,"ocean_menu_typo_font_size_mobile":0,"ocean_menu_typo_font_size_unit":"px","ocean_menu_typo_font_weight":"","ocean_menu_typo_font_weight_tablet":"","ocean_menu_typo_font_weight_mobile":"","ocean_menu_typo_transform":"","ocean_menu_typo_transform_tablet":"","ocean_menu_typo_transform_mobile":"","ocean_menu_typo_line_height":0,"ocean_menu_typo_line_height_tablet":0,"ocean_menu_typo_line_height_mobile":0,"ocean_menu_typo_line_height_unit":"","ocean_menu_typo_spacing":0,"ocean_menu_typo_spacing_tablet":0,"ocean_menu_typo_spacing_mobile":0,"ocean_menu_typo_spacing_unit":"","ocean_menu_link_color":"","ocean_menu_link_color_hover":"","ocean_menu_link_color_active":"","ocean_menu_link_background":"","ocean_menu_link_hover_background":"","ocean_menu_link_active_background":"","ocean_menu_social_links_bg":"","ocean_menu_social_hover_links_bg":"","ocean_menu_social_links_color":"","ocean_menu_social_hover_links_color":"","ocean_disable_title":"default","ocean_disable_heading":"default","ocean_post_title":"","ocean_post_subheading":"","ocean_post_title_style":"","ocean_post_title_background_color":"","ocean_post_title_background":0,"ocean_post_title_bg_image_position":"","ocean_post_title_bg_image_attachment":"","ocean_post_title_bg_image_repeat":"","ocean_post_title_bg_image_size":"","ocean_post_title_height":0,"ocean_post_title_bg_overlay":0.5,"ocean_post_title_bg_overlay_color":"","ocean_disable_breadcrumbs":"default","ocean_breadcrumbs_color":"","ocean_breadcrumbs_separator_color":"","ocean_breadcrumbs_links_color":"","ocean_breadcrumbs_links_hover_color":"","ocean_display_footer_widgets":"default","ocean_display_footer_bottom":"default","ocean_custom_footer_template":"0"},"product_cat":[41],"product_tag":[],"acf":[],"_links":{"self":[{"href":"https:\/\/osp.mein-teamshop.ch\/fcstaefa\/wp-json\/wp\/v2\/product\/3534"}],"collection":[{"href":"https:\/\/osp.mein-teamshop.ch\/fcstaefa\/wp-json\/wp\/v2\/product"}],"about":[{"href":"https:\/\/osp.mein-teamshop.ch\/fcstaefa\/wp-json\/wp\/v2\/types\/product"}],"wp:featuredmedia":[{"embeddable":true,"href":"https:\/\/osp.mein-teamshop.ch\/fcstaefa\/wp-json\/wp\/v2\/media\/3536"}],"wp:attachment":[{"href":"https:\/\/osp.mein-teamshop.ch\/fcstaefa\/wp-json\/wp\/v2\/media?parent=3534"}],"wp:term":[{"taxonomy":"product_cat","embeddable":true,"href":"https:\/\/osp.mein-teamshop.ch\/fcstaefa\/wp-json\/wp\/v2\/product_cat?post=3534"},{"taxonomy":"product_tag","embeddable":true,"href":"https:\/\/osp.mein-teamshop.ch\/fcstaefa\/wp-json\/wp\/v2\/product_tag?post=3534"}],"curies":[{"name":"wp","href":"https:\/\/api.w.org\/{rel}","templated":true}]}}