{"id":1782,"date":"2021-06-29T21:20:52","date_gmt":"2021-06-29T19:20:52","guid":{"rendered":"https:\/\/osp.mein-teamshop.ch\/fcstaefa\/produkt\/community-hoodie-junior\/"},"modified":"2025-04-07T14:40:28","modified_gmt":"2025-04-07T12:40:28","slug":"community-hoodie-junior","status":"publish","type":"product","link":"https:\/\/osp.mein-teamshop.ch\/fcstaefa\/produkt\/community-hoodie-junior\/","title":{"rendered":"Community 2.0 Hoodie Junior"},"content":{"rendered":"<p>Der Community 2.0 Hoodie kombiniert eine entspannte und dennoch athletische Passform mit einem sportlichen Ausdruck, ideal f\u00fcr entspannte Momente abseits des Spielfelds. Dieser l\u00e4ssige Kapuzenpullover besteht aus einer weichen Mischung aus recyceltem Polyester und Bio-Baumwolle und weist eine geb\u00fcrstete Innenseite auf. Er sorgt f\u00fcr ein geschmeidiges Tragegef\u00fchl und hohen Komfort und belebt den Teamgeist.<\/p>\n","protected":false},"excerpt":{"rendered":"<p>Der Community 2.0 Hoodie kombiniert eine entspannte und dennoch athletische Passform mit einem sportlichen Ausdruck, ideal f\u00fcr entspannte Momente abseits des Spielfelds. Dieser l\u00e4ssige Kapuzenpullover besteht aus einer weichen Mischung aus recyceltem Polyester und Bio-Baumwolle und weist eine geb\u00fcrstete Innenseite auf. Er sorgt f\u00fcr ein geschmeidiges Tragegef\u00fchl und hohen Komfort und belebt den Teamgeist.<\/p>\n","protected":false},"featured_media":3399,"template":"","meta":{"_acf_changed":false,"ocean_post_layout":"","ocean_both_sidebars_style":"","ocean_both_sidebars_content_width":0,"ocean_both_sidebars_sidebars_width":0,"ocean_sidebar":"0","ocean_second_sidebar":"0","ocean_disable_margins":"enable","ocean_add_body_class":"","ocean_shortcode_before_top_bar":"","ocean_shortcode_after_top_bar":"","ocean_shortcode_before_header":"","ocean_shortcode_after_header":"","ocean_has_shortcode":"","ocean_shortcode_after_title":"","ocean_shortcode_before_footer_widgets":"","ocean_shortcode_after_footer_widgets":"","ocean_shortcode_before_footer_bottom":"","ocean_shortcode_after_footer_bottom":"","ocean_display_top_bar":"default","ocean_display_header":"default","ocean_header_style":"","ocean_center_header_left_menu":"0","ocean_custom_header_template":"0","ocean_custom_logo":0,"ocean_custom_retina_logo":0,"ocean_custom_logo_max_width":0,"ocean_custom_logo_tablet_max_width":0,"ocean_custom_logo_mobile_max_width":0,"ocean_custom_logo_max_height":0,"ocean_custom_logo_tablet_max_height":0,"ocean_custom_logo_mobile_max_height":0,"ocean_header_custom_menu":"0","ocean_menu_typo_font_family":"0","ocean_menu_typo_font_subset":"","ocean_menu_typo_font_size":0,"ocean_menu_typo_font_size_tablet":0,"ocean_menu_typo_font_size_mobile":0,"ocean_menu_typo_font_size_unit":"px","ocean_menu_typo_font_weight":"","ocean_menu_typo_font_weight_tablet":"","ocean_menu_typo_font_weight_mobile":"","ocean_menu_typo_transform":"","ocean_menu_typo_transform_tablet":"","ocean_menu_typo_transform_mobile":"","ocean_menu_typo_line_height":0,"ocean_menu_typo_line_height_tablet":0,"ocean_menu_typo_line_height_mobile":0,"ocean_menu_typo_line_height_unit":"","ocean_menu_typo_spacing":0,"ocean_menu_typo_spacing_tablet":0,"ocean_menu_typo_spacing_mobile":0,"ocean_menu_typo_spacing_unit":"","ocean_menu_link_color":"","ocean_menu_link_color_hover":"","ocean_menu_link_color_active":"","ocean_menu_link_background":"","ocean_menu_link_hover_background":"","ocean_menu_link_active_background":"","ocean_menu_social_links_bg":"","ocean_menu_social_hover_links_bg":"","ocean_menu_social_links_color":"","ocean_menu_social_hover_links_color":"","ocean_disable_title":"default","ocean_disable_heading":"default","ocean_post_title":"","ocean_post_subheading":"","ocean_post_title_style":"","ocean_post_title_background_color":"","ocean_post_title_background":0,"ocean_post_title_bg_image_position":"","ocean_post_title_bg_image_attachment":"","ocean_post_title_bg_image_repeat":"","ocean_post_title_bg_image_size":"","ocean_post_title_height":0,"ocean_post_title_bg_overlay":0.5,"ocean_post_title_bg_overlay_color":"","ocean_disable_breadcrumbs":"default","ocean_breadcrumbs_color":"","ocean_breadcrumbs_separator_color":"","ocean_breadcrumbs_links_color":"","ocean_breadcrumbs_links_hover_color":"","ocean_display_footer_widgets":"default","ocean_display_footer_bottom":"default","ocean_custom_footer_template":"0"},"product_cat":[41],"product_tag":[],"acf":[],"_links":{"self":[{"href":"https:\/\/osp.mein-teamshop.ch\/fcstaefa\/wp-json\/wp\/v2\/product\/1782"}],"collection":[{"href":"https:\/\/osp.mein-teamshop.ch\/fcstaefa\/wp-json\/wp\/v2\/product"}],"about":[{"href":"https:\/\/osp.mein-teamshop.ch\/fcstaefa\/wp-json\/wp\/v2\/types\/product"}],"wp:featuredmedia":[{"embeddable":true,"href":"https:\/\/osp.mein-teamshop.ch\/fcstaefa\/wp-json\/wp\/v2\/media\/3399"}],"wp:attachment":[{"href":"https:\/\/osp.mein-teamshop.ch\/fcstaefa\/wp-json\/wp\/v2\/media?parent=1782"}],"wp:term":[{"taxonomy":"product_cat","embeddable":true,"href":"https:\/\/osp.mein-teamshop.ch\/fcstaefa\/wp-json\/wp\/v2\/product_cat?post=1782"},{"taxonomy":"product_tag","embeddable":true,"href":"https:\/\/osp.mein-teamshop.ch\/fcstaefa\/wp-json\/wp\/v2\/product_tag?post=1782"}],"curies":[{"name":"wp","href":"https:\/\/api.w.org\/{rel}","templated":true}]}}