{"id":2727,"date":"2024-10-28T23:44:24","date_gmt":"2024-10-28T22:44:24","guid":{"rendered":"https:\/\/osp.mein-teamshop.ch\/fcbaar\/?post_type=product&#038;p=2727"},"modified":"2026-04-25T10:23:35","modified_gmt":"2026-04-25T08:23:35","slug":"rucksack-classico","status":"publish","type":"product","link":"https:\/\/osp.mein-teamshop.ch\/fcbaar\/produkt\/rucksack-classico\/","title":{"rendered":"Rucksack Classico"},"content":{"rendered":"<p>Der Rucksack STRIKER vereint Funktionalit\u00e4t und sportliches Design. Durch das gro\u00dfe Hauptfach mit 2-Wege-Rei\u00dfverschluss bietet der Rucksack gen\u00fcgend Platz f\u00fcr Sportbekleidung und Accessoires. Dar\u00fcber hinaus ist ein separates Bodenfach im Rucksack integriert, hier finden bis zu zwei Paar Schuhe Platz. In der kleinen Innentasche mit Rei\u00dfverschluss im Hauptfach k\u00f6nnen Schl\u00fcssel, Wertsachen und andere kleine Accessoires untergebracht werden. Durch das Material aus 100 % Polyester ist der Rucksack sehr pflegeleicht. Druckstellen auf dem K\u00f6rper k\u00f6nnen durch die gepolsterten Tragegurte und einen gepolsterten und abgesteppten R\u00fccken vermieden werden.<\/p>\n","protected":false},"excerpt":{"rendered":"<p>Der Rucksack STRIKER vereint Funktionalit\u00e4t und sportliches Design. Durch das gro\u00dfe Hauptfach mit 2-Wege-Rei\u00dfverschluss bietet der Rucksack gen\u00fcgend Platz f\u00fcr Sportbekleidung und Accessoires. Dar\u00fcber hinaus ist ein separates Bodenfach im Rucksack integriert, hier finden bis zu zwei Paar Schuhe Platz. In der kleinen Innentasche mit Rei\u00dfverschluss im Hauptfach k\u00f6nnen Schl\u00fcssel, Wertsachen und andere kleine Accessoires [&hellip;]<\/p>\n","protected":false},"featured_media":1606,"template":"","meta":{"_acf_changed":false,"ocean_post_layout":"","ocean_both_sidebars_style":"","ocean_both_sidebars_content_width":0,"ocean_both_sidebars_sidebars_width":0,"ocean_sidebar":"0","ocean_second_sidebar":"0","ocean_disable_margins":"enable","ocean_add_body_class":"","ocean_shortcode_before_top_bar":"","ocean_shortcode_after_top_bar":"","ocean_shortcode_before_header":"","ocean_shortcode_after_header":"","ocean_has_shortcode":"","ocean_shortcode_after_title":"","ocean_shortcode_before_footer_widgets":"","ocean_shortcode_after_footer_widgets":"","ocean_shortcode_before_footer_bottom":"","ocean_shortcode_after_footer_bottom":"","ocean_display_top_bar":"default","ocean_display_header":"default","ocean_header_style":"","ocean_center_header_left_menu":"0","ocean_custom_header_template":"0","ocean_custom_logo":0,"ocean_custom_retina_logo":0,"ocean_custom_logo_max_width":0,"ocean_custom_logo_tablet_max_width":0,"ocean_custom_logo_mobile_max_width":0,"ocean_custom_logo_max_height":0,"ocean_custom_logo_tablet_max_height":0,"ocean_custom_logo_mobile_max_height":0,"ocean_header_custom_menu":"0","ocean_menu_typo_font_family":"0","ocean_menu_typo_font_subset":"","ocean_menu_typo_font_size":0,"ocean_menu_typo_font_size_tablet":0,"ocean_menu_typo_font_size_mobile":0,"ocean_menu_typo_font_size_unit":"px","ocean_menu_typo_font_weight":"","ocean_menu_typo_font_weight_tablet":"","ocean_menu_typo_font_weight_mobile":"","ocean_menu_typo_transform":"","ocean_menu_typo_transform_tablet":"","ocean_menu_typo_transform_mobile":"","ocean_menu_typo_line_height":0,"ocean_menu_typo_line_height_tablet":0,"ocean_menu_typo_line_height_mobile":0,"ocean_menu_typo_line_height_unit":"","ocean_menu_typo_spacing":0,"ocean_menu_typo_spacing_tablet":0,"ocean_menu_typo_spacing_mobile":0,"ocean_menu_typo_spacing_unit":"","ocean_menu_link_color":"","ocean_menu_link_color_hover":"","ocean_menu_link_color_active":"","ocean_menu_link_background":"","ocean_menu_link_hover_background":"","ocean_menu_link_active_background":"","ocean_menu_social_links_bg":"","ocean_menu_social_hover_links_bg":"","ocean_menu_social_links_color":"","ocean_menu_social_hover_links_color":"","ocean_disable_title":"default","ocean_disable_heading":"default","ocean_post_title":"","ocean_post_subheading":"","ocean_post_title_style":"","ocean_post_title_background_color":"","ocean_post_title_background":0,"ocean_post_title_bg_image_position":"","ocean_post_title_bg_image_attachment":"","ocean_post_title_bg_image_repeat":"","ocean_post_title_bg_image_size":"","ocean_post_title_height":0,"ocean_post_title_bg_overlay":0.5,"ocean_post_title_bg_overlay_color":"","ocean_disable_breadcrumbs":"default","ocean_breadcrumbs_color":"","ocean_breadcrumbs_separator_color":"","ocean_breadcrumbs_links_color":"","ocean_breadcrumbs_links_hover_color":"","ocean_display_footer_widgets":"default","ocean_display_footer_bottom":"default","ocean_custom_footer_template":"0"},"product_brand":[],"product_cat":[58],"product_tag":[],"class_list":{"0":"post-2727","1":"product","2":"type-product","3":"status-publish","4":"has-post-thumbnail","6":"product_cat-accessoire","8":"entry","9":"has-media","11":"first","12":"outofstock","13":"shipping-taxable","14":"purchasable","15":"product-type-variable","16":"has-product-nav","17":"col","18":"span_1_of_3","19":"owp-content-center","20":"owp-thumbs-layout-horizontal","21":"owp-btn-normal","22":"owp-tabs-layout-horizontal","23":"has-no-thumbnails"},"acf":[],"_links":{"self":[{"href":"https:\/\/osp.mein-teamshop.ch\/fcbaar\/wp-json\/wp\/v2\/product\/2727","targetHints":{"allow":["GET"]}}],"collection":[{"href":"https:\/\/osp.mein-teamshop.ch\/fcbaar\/wp-json\/wp\/v2\/product"}],"about":[{"href":"https:\/\/osp.mein-teamshop.ch\/fcbaar\/wp-json\/wp\/v2\/types\/product"}],"wp:featuredmedia":[{"embeddable":true,"href":"https:\/\/osp.mein-teamshop.ch\/fcbaar\/wp-json\/wp\/v2\/media\/1606"}],"wp:attachment":[{"href":"https:\/\/osp.mein-teamshop.ch\/fcbaar\/wp-json\/wp\/v2\/media?parent=2727"}],"wp:term":[{"taxonomy":"product_brand","embeddable":true,"href":"https:\/\/osp.mein-teamshop.ch\/fcbaar\/wp-json\/wp\/v2\/product_brand?post=2727"},{"taxonomy":"product_cat","embeddable":true,"href":"https:\/\/osp.mein-teamshop.ch\/fcbaar\/wp-json\/wp\/v2\/product_cat?post=2727"},{"taxonomy":"product_tag","embeddable":true,"href":"https:\/\/osp.mein-teamshop.ch\/fcbaar\/wp-json\/wp\/v2\/product_tag?post=2727"}],"curies":[{"name":"wp","href":"https:\/\/api.w.org\/{rel}","templated":true}]}}