{"id":2665,"date":"2024-10-28T23:44:21","date_gmt":"2024-10-28T22:44:21","guid":{"rendered":"https:\/\/osp.mein-teamshop.ch\/fcbaar\/?post_type=product&#038;p=2665"},"modified":"2024-10-29T09:10:06","modified_gmt":"2024-10-29T08:10:06","slug":"short-competition-2","status":"publish","type":"product","link":"https:\/\/osp.mein-teamshop.ch\/fcbaar\/produkt\/short-competition-2\/","title":{"rendered":"Short Competition"},"content":{"rendered":"<p>Die praktische Short f\u00fcr jede Gelegenheit. Die kurze JAKO Hose COMPETITION 2.0 ist in den Farben Schwarz sowie marine erh\u00e4ltlich und dank ihrer klassischen Farbgestaltung zu zahlreichen Outfits kombinierbar. In den Seitentaschen mit Rei\u00dfverschluss lassen sich Alltagsgegenst\u00e4nde bequem verstauen. Der elastische Bund mit Kordelzug ist individuell einstellbar und verschafft dir die perfekte Passform. Die Rei\u00dfverschlussanh\u00e4nger dieses Modells sind zweifarbig gestaltet.<\/p>\n","protected":false},"excerpt":{"rendered":"<p>Die praktische Short f\u00fcr jede Gelegenheit. Die kurze JAKO Hose COMPETITION 2.0 ist in den Farben Schwarz sowie marine erh\u00e4ltlich und dank ihrer klassischen Farbgestaltung zu zahlreichen Outfits kombinierbar. In den Seitentaschen mit Rei\u00dfverschluss lassen sich Alltagsgegenst\u00e4nde bequem verstauen. Der elastische Bund mit Kordelzug ist individuell einstellbar und verschafft dir die perfekte Passform. Die Rei\u00dfverschlussanh\u00e4nger [&hellip;]<\/p>\n","protected":false},"featured_media":1508,"template":"","meta":{"_acf_changed":false,"ocean_post_layout":"","ocean_both_sidebars_style":"","ocean_both_sidebars_content_width":0,"ocean_both_sidebars_sidebars_width":0,"ocean_sidebar":"","ocean_second_sidebar":"","ocean_disable_margins":"enable","ocean_add_body_class":"","ocean_shortcode_before_top_bar":"","ocean_shortcode_after_top_bar":"","ocean_shortcode_before_header":"","ocean_shortcode_after_header":"","ocean_has_shortcode":"","ocean_shortcode_after_title":"","ocean_shortcode_before_footer_widgets":"","ocean_shortcode_after_footer_widgets":"","ocean_shortcode_before_footer_bottom":"","ocean_shortcode_after_footer_bottom":"","ocean_display_top_bar":"default","ocean_display_header":"default","ocean_header_style":"","ocean_center_header_left_menu":"","ocean_custom_header_template":"","ocean_custom_logo":0,"ocean_custom_retina_logo":0,"ocean_custom_logo_max_width":0,"ocean_custom_logo_tablet_max_width":0,"ocean_custom_logo_mobile_max_width":0,"ocean_custom_logo_max_height":0,"ocean_custom_logo_tablet_max_height":0,"ocean_custom_logo_mobile_max_height":0,"ocean_header_custom_menu":"","ocean_menu_typo_font_family":"","ocean_menu_typo_font_subset":"","ocean_menu_typo_font_size":0,"ocean_menu_typo_font_size_tablet":0,"ocean_menu_typo_font_size_mobile":0,"ocean_menu_typo_font_size_unit":"px","ocean_menu_typo_font_weight":"","ocean_menu_typo_font_weight_tablet":"","ocean_menu_typo_font_weight_mobile":"","ocean_menu_typo_transform":"","ocean_menu_typo_transform_tablet":"","ocean_menu_typo_transform_mobile":"","ocean_menu_typo_line_height":0,"ocean_menu_typo_line_height_tablet":0,"ocean_menu_typo_line_height_mobile":0,"ocean_menu_typo_line_height_unit":"","ocean_menu_typo_spacing":0,"ocean_menu_typo_spacing_tablet":0,"ocean_menu_typo_spacing_mobile":0,"ocean_menu_typo_spacing_unit":"","ocean_menu_link_color":"","ocean_menu_link_color_hover":"","ocean_menu_link_color_active":"","ocean_menu_link_background":"","ocean_menu_link_hover_background":"","ocean_menu_link_active_background":"","ocean_menu_social_links_bg":"","ocean_menu_social_hover_links_bg":"","ocean_menu_social_links_color":"","ocean_menu_social_hover_links_color":"","ocean_disable_title":"default","ocean_disable_heading":"default","ocean_post_title":"","ocean_post_subheading":"","ocean_post_title_style":"","ocean_post_title_background_color":"","ocean_post_title_background":0,"ocean_post_title_bg_image_position":"","ocean_post_title_bg_image_attachment":"","ocean_post_title_bg_image_repeat":"","ocean_post_title_bg_image_size":"","ocean_post_title_height":0,"ocean_post_title_bg_overlay":0.5,"ocean_post_title_bg_overlay_color":"","ocean_disable_breadcrumbs":"default","ocean_breadcrumbs_color":"","ocean_breadcrumbs_separator_color":"","ocean_breadcrumbs_links_color":"","ocean_breadcrumbs_links_hover_color":"","ocean_display_footer_widgets":"default","ocean_display_footer_bottom":"default","ocean_custom_footer_template":""},"product_brand":[],"product_cat":[56],"product_tag":[],"class_list":{"0":"post-2665","1":"product","2":"type-product","3":"status-publish","4":"has-post-thumbnail","6":"product_cat-trainerinnen","8":"entry","9":"has-media","11":"first","12":"instock","13":"shipping-taxable","14":"purchasable","15":"product-type-variable","16":"has-product-nav","17":"col","18":"span_1_of_3","19":"owp-content-center","20":"owp-thumbs-layout-horizontal","21":"owp-btn-normal","22":"owp-tabs-layout-horizontal","23":"has-no-thumbnails"},"acf":[],"_links":{"self":[{"href":"https:\/\/osp.mein-teamshop.ch\/fcbaar\/wp-json\/wp\/v2\/product\/2665","targetHints":{"allow":["GET"]}}],"collection":[{"href":"https:\/\/osp.mein-teamshop.ch\/fcbaar\/wp-json\/wp\/v2\/product"}],"about":[{"href":"https:\/\/osp.mein-teamshop.ch\/fcbaar\/wp-json\/wp\/v2\/types\/product"}],"wp:featuredmedia":[{"embeddable":true,"href":"https:\/\/osp.mein-teamshop.ch\/fcbaar\/wp-json\/wp\/v2\/media\/1508"}],"wp:attachment":[{"href":"https:\/\/osp.mein-teamshop.ch\/fcbaar\/wp-json\/wp\/v2\/media?parent=2665"}],"wp:term":[{"taxonomy":"product_brand","embeddable":true,"href":"https:\/\/osp.mein-teamshop.ch\/fcbaar\/wp-json\/wp\/v2\/product_brand?post=2665"},{"taxonomy":"product_cat","embeddable":true,"href":"https:\/\/osp.mein-teamshop.ch\/fcbaar\/wp-json\/wp\/v2\/product_cat?post=2665"},{"taxonomy":"product_tag","embeddable":true,"href":"https:\/\/osp.mein-teamshop.ch\/fcbaar\/wp-json\/wp\/v2\/product_tag?post=2665"}],"curies":[{"name":"wp","href":"https:\/\/api.w.org\/{rel}","templated":true}]}}