{"id":2484,"date":"2024-10-28T23:44:09","date_gmt":"2024-10-28T22:44:09","guid":{"rendered":"https:\/\/osp.mein-teamshop.ch\/fcbaar\/?post_type=product&#038;p=2484"},"modified":"2025-01-10T11:27:27","modified_gmt":"2025-01-10T10:27:27","slug":"kapuzenjacke-organic","status":"publish","type":"product","link":"https:\/\/osp.mein-teamshop.ch\/fcbaar\/produkt\/kapuzenjacke-organic\/","title":{"rendered":"Kapuzenjacke Organic"},"content":{"rendered":"<p>Die Kapuzenjacke Organic unserer Corporate Teamwear aus gek\u00e4mmter und ringgesponnener Bio-Baumwolle ist ein Klassiker f\u00fcr Freizeit und Beruf. Die Innenseite der Jacke ist weich angeraut f\u00fcr optimalen Tragekomfort. Verst\u00e4rkte Schultern\u00e4hte machen die Berufskleidung besonders formstabil und strapazierf\u00e4hig. Kordeln mit Metal\u00f6sen an der Kapuze, Sweat- und \u00c4rmelabschl\u00fcsse mit Ripp und K\u00e4ngurutaschen sorgen f\u00fcr das gewisse Extra an Komfort und Stil.<\/p>\n","protected":false},"excerpt":{"rendered":"<p>Die Kapuzenjacke Organic unserer Corporate Teamwear aus gek\u00e4mmter und ringgesponnener Bio-Baumwolle ist ein Klassiker f\u00fcr Freizeit und Beruf. Die Innenseite der Jacke ist weich angeraut f\u00fcr optimalen Tragekomfort. Verst\u00e4rkte Schultern\u00e4hte machen die Berufskleidung besonders formstabil und strapazierf\u00e4hig. Kordeln mit Metal\u00f6sen an der Kapuze, Sweat- und \u00c4rmelabschl\u00fcsse mit Ripp und K\u00e4ngurutaschen sorgen f\u00fcr das gewisse Extra [&hellip;]<\/p>\n","protected":false},"featured_media":2763,"template":"","meta":{"_acf_changed":false,"ocean_post_layout":"","ocean_both_sidebars_style":"","ocean_both_sidebars_content_width":0,"ocean_both_sidebars_sidebars_width":0,"ocean_sidebar":"0","ocean_second_sidebar":"0","ocean_disable_margins":"enable","ocean_add_body_class":"","ocean_shortcode_before_top_bar":"","ocean_shortcode_after_top_bar":"","ocean_shortcode_before_header":"","ocean_shortcode_after_header":"","ocean_has_shortcode":"","ocean_shortcode_after_title":"","ocean_shortcode_before_footer_widgets":"","ocean_shortcode_after_footer_widgets":"","ocean_shortcode_before_footer_bottom":"","ocean_shortcode_after_footer_bottom":"","ocean_display_top_bar":"default","ocean_display_header":"default","ocean_header_style":"","ocean_center_header_left_menu":"0","ocean_custom_header_template":"0","ocean_custom_logo":0,"ocean_custom_retina_logo":0,"ocean_custom_logo_max_width":0,"ocean_custom_logo_tablet_max_width":0,"ocean_custom_logo_mobile_max_width":0,"ocean_custom_logo_max_height":0,"ocean_custom_logo_tablet_max_height":0,"ocean_custom_logo_mobile_max_height":0,"ocean_header_custom_menu":"0","ocean_menu_typo_font_family":"0","ocean_menu_typo_font_subset":"","ocean_menu_typo_font_size":0,"ocean_menu_typo_font_size_tablet":0,"ocean_menu_typo_font_size_mobile":0,"ocean_menu_typo_font_size_unit":"px","ocean_menu_typo_font_weight":"","ocean_menu_typo_font_weight_tablet":"","ocean_menu_typo_font_weight_mobile":"","ocean_menu_typo_transform":"","ocean_menu_typo_transform_tablet":"","ocean_menu_typo_transform_mobile":"","ocean_menu_typo_line_height":0,"ocean_menu_typo_line_height_tablet":0,"ocean_menu_typo_line_height_mobile":0,"ocean_menu_typo_line_height_unit":"","ocean_menu_typo_spacing":0,"ocean_menu_typo_spacing_tablet":0,"ocean_menu_typo_spacing_mobile":0,"ocean_menu_typo_spacing_unit":"","ocean_menu_link_color":"","ocean_menu_link_color_hover":"","ocean_menu_link_color_active":"","ocean_menu_link_background":"","ocean_menu_link_hover_background":"","ocean_menu_link_active_background":"","ocean_menu_social_links_bg":"","ocean_menu_social_hover_links_bg":"","ocean_menu_social_links_color":"","ocean_menu_social_hover_links_color":"","ocean_disable_title":"default","ocean_disable_heading":"default","ocean_post_title":"","ocean_post_subheading":"","ocean_post_title_style":"","ocean_post_title_background_color":"","ocean_post_title_background":0,"ocean_post_title_bg_image_position":"","ocean_post_title_bg_image_attachment":"","ocean_post_title_bg_image_repeat":"","ocean_post_title_bg_image_size":"","ocean_post_title_height":0,"ocean_post_title_bg_overlay":0.5,"ocean_post_title_bg_overlay_color":"","ocean_disable_breadcrumbs":"default","ocean_breadcrumbs_color":"","ocean_breadcrumbs_separator_color":"","ocean_breadcrumbs_links_color":"","ocean_breadcrumbs_links_hover_color":"","ocean_display_footer_widgets":"default","ocean_display_footer_bottom":"default","ocean_custom_footer_template":"0"},"product_brand":[],"product_cat":[57],"product_tag":[],"class_list":{"0":"post-2484","1":"product","2":"type-product","3":"status-publish","4":"has-post-thumbnail","6":"product_cat-funktionaerinnen","8":"entry","9":"has-media","11":"first","12":"instock","13":"shipping-taxable","14":"purchasable","15":"product-type-variable","16":"has-product-nav","17":"col","18":"span_1_of_3","19":"owp-content-center","20":"owp-thumbs-layout-horizontal","21":"owp-btn-normal","22":"owp-tabs-layout-horizontal","23":"has-no-thumbnails"},"acf":[],"_links":{"self":[{"href":"https:\/\/osp.mein-teamshop.ch\/fcbaar\/wp-json\/wp\/v2\/product\/2484","targetHints":{"allow":["GET"]}}],"collection":[{"href":"https:\/\/osp.mein-teamshop.ch\/fcbaar\/wp-json\/wp\/v2\/product"}],"about":[{"href":"https:\/\/osp.mein-teamshop.ch\/fcbaar\/wp-json\/wp\/v2\/types\/product"}],"wp:featuredmedia":[{"embeddable":true,"href":"https:\/\/osp.mein-teamshop.ch\/fcbaar\/wp-json\/wp\/v2\/media\/2763"}],"wp:attachment":[{"href":"https:\/\/osp.mein-teamshop.ch\/fcbaar\/wp-json\/wp\/v2\/media?parent=2484"}],"wp:term":[{"taxonomy":"product_brand","embeddable":true,"href":"https:\/\/osp.mein-teamshop.ch\/fcbaar\/wp-json\/wp\/v2\/product_brand?post=2484"},{"taxonomy":"product_cat","embeddable":true,"href":"https:\/\/osp.mein-teamshop.ch\/fcbaar\/wp-json\/wp\/v2\/product_cat?post=2484"},{"taxonomy":"product_tag","embeddable":true,"href":"https:\/\/osp.mein-teamshop.ch\/fcbaar\/wp-json\/wp\/v2\/product_tag?post=2484"}],"curies":[{"name":"wp","href":"https:\/\/api.w.org\/{rel}","templated":true}]}}